{"id":7,"date":"2023-03-24T11:55:31","date_gmt":"2023-03-24T11:55:31","guid":{"rendered":"https:\/\/imida.org\/registro\/registro\/"},"modified":"2024-02-07T06:26:18","modified_gmt":"2024-02-07T06:26:18","slug":"registro","status":"publish","type":"page","link":"https:\/\/imida.org\/registro\/","title":{"rendered":"Inscripci\u00f3n"},"content":{"rendered":"<div class=\"piereg_container pieregWrapper\"><div class=\"pieregformWrapper pieregWrapper\"><div id=\"show_pie_register_error_js\" class=\"piereg_entry-content\"><\/div><div id=\"pie_register_reg_form\"><form enctype=\"multipart\/form-data\" class=\"pie_register_reg_form\" id=\"pie_regiser_form\" method=\"post\" action=\"\/registro\/wp-json\/wp\/v2\/pages\/7\" data-form=\"1\"><input type=\"hidden\" id=\"piereg_registration_form_nonce\" name=\"piereg_registration_form_nonce\" value=\"fca71156b0\" \/><input type=\"hidden\" name=\"_wp_http_referer\" value=\"\/registro\/wp-json\/wp\/v2\/pages\/7\" \/><div class=\"fieldset \"><p id=\"piereg_pie_form_desc\" >Por favor, rellene el siguiente formulario para inscribirse en la jornada \"Proyectos FEDER IMIDA (2021-2027)\" que tendr\u00e1 lugar el 21de abril de 2026 en el IMIDA.<\/p><\/div><ul id=\"pie_register\"><input type=\"hidden\" value=\"1\" name=\"form_id\" \/><li class=\"fields   pageFields_1 piereg_li_2\" ><div class=\"fieldset\"><label>Nombre&nbsp;<span class=\"piereg_field_required_label\">*<\/span><\/label><input  value=\"\" placeholder=\"\" data-field_id=\"piereg_field_2\" id=\"name_2_firstname\" name=\"first_name\" class=\"input_fields  piereg_validate[required,custom[alphabetic]] input_fields piereg_name_input_field\"   type=\"text\"  \/><\/div><div class=\"fieldset\"><label>Apellidos&nbsp;<span class=\"piereg_field_required_label\">*<\/span><\/label><input  value=\"\" placeholder=\"\" id=\"name_2_lastname\" name=\"last_name\" class=\"input_fields  piereg_validate[required,custom[alphabetic]] input_fields piereg_name_input_field\"   type=\"text\"  \/><\/div><\/li><li class=\"fields   pageFields_1 piereg_li_1\" ><div class=\"fieldset\"><label class=\"\" for=\"email_1\">Correo Electr\u00f3nico&nbsp;<span class=\"piereg_field_required_label\">*<\/span><\/label><input  id=\"email_1\" name=\"e_mail\" data-field_id=\"piereg_field_1\" class=\"input_fields  piereg_validate[required,custom[email]]\" data-errormessage-custom-error=\"\" placeholder=\"\" type=\"text\" value=\"\" \/><\/div><\/li><li class=\"fields   pageFields_1 piereg_li_4\" ><div class=\"fieldset\" ><label class=\"\" for=\"dropdown_4\">\u00bfTe quedar\u00e1s a comer?&nbsp;<span class=\"piereg_field_required_label\">*<\/span><\/label><select   id=\"dropdown_4\" name=\"dropdown_4[]\" data-field_id=\"piereg_field_4\" class=\"input_fields  piereg_validate[required]\" data-errormessage-value-missing=\"Debe seleccionar una opci\u00f3n\"  ><option selected=\"selected\" value=\"No\">No<\/option><option  value=\"Si\">Si<\/option><\/select><\/div><\/li><li class=\"fields   pageFields_1 piereg_li_5\" ><div class=\"fieldset\"><label class=\"\" for=\"math_captcha_5\">Complete esta operaci\u00f3n para verificar que no es un robot&nbsp;<span class=\"piereg_field_required_label\">*<\/span><\/label><div data-cookiename=\"registration\" class=\"wrapmathcaptcha prMathCaptcha\"><div id=\"pieregister_math_captcha_5\" class=\"piereg_math_captcha\"><\/div><input id=\"math_captcha_5\" type=\"text\" data-errormessage-value-missing=\"\" data-errormessage-range-underflow=\"\" data-errormessage-range-overflow=\"\" class=\"input_fields  piereg_validate[required]\" placeholder=\"\" style=\"width:50%;margin-top:9px;\" name=\"piereg_math_captcha\"\/><\/div><\/div><\/li><li class=\"fields   pageFields_1 piereg_li_7\" ><div class=\"fieldset\"><div class=\"piereg-html-field-content\" ><p>Desde el <strong>IMIDA<\/strong> hemos puesto en marcha un <strong>SERVICIO DE INFORMACI\u00d3N<\/strong> para que formes parte de nuestra gran comunidad y no te pierdas detalle sobre nuestras novedades, proyectos de investigaci\u00f3n, jornadas, etc.<\/p>\r\n\r\n<p>S\u00f3lo tienes que facilitarnos un correo electr\u00f3nico e indicarnos en qu\u00e9 grupos de informaci\u00f3n est\u00e1s interesado.<\/p>\r\n\r\n<p>\u00a0<\/p>\r\n\r\n<p><a href=\"https:\/\/b271aw5d.sibpages.com\/\" target=\"_blank\"><strong>SUSCR\u00cdBETE<\/strong><\/a><\/p>\r\n<\/div><\/div><\/li><li class=\"fields   pageFields_1 piereg_li_\" ><div class=\"fieldset\"><div class=\"pie_wrap_buttons\"><input name=\"pie_submit\" class=\"pie_submit\" type=\"submit\" value=\"Enviar\" \/><\/div><\/div><\/li><\/ul><\/form><\/div><\/div><\/div>\n","protected":false},"excerpt":{"rendered":"","protected":false},"author":1,"featured_media":0,"parent":0,"menu_order":0,"comment_status":"closed","ping_status":"closed","template":"","meta":{"footnotes":""},"class_list":["post-7","page","type-page","status-publish","hentry"],"_links":{"self":[{"href":"https:\/\/imida.org\/registro\/wp-json\/wp\/v2\/pages\/7","targetHints":{"allow":["GET"]}}],"collection":[{"href":"https:\/\/imida.org\/registro\/wp-json\/wp\/v2\/pages"}],"about":[{"href":"https:\/\/imida.org\/registro\/wp-json\/wp\/v2\/types\/page"}],"author":[{"embeddable":true,"href":"https:\/\/imida.org\/registro\/wp-json\/wp\/v2\/users\/1"}],"replies":[{"embeddable":true,"href":"https:\/\/imida.org\/registro\/wp-json\/wp\/v2\/comments?post=7"}],"version-history":[{"count":5,"href":"https:\/\/imida.org\/registro\/wp-json\/wp\/v2\/pages\/7\/revisions"}],"predecessor-version":[{"id":79,"href":"https:\/\/imida.org\/registro\/wp-json\/wp\/v2\/pages\/7\/revisions\/79"}],"wp:attachment":[{"href":"https:\/\/imida.org\/registro\/wp-json\/wp\/v2\/media?parent=7"}],"curies":[{"name":"wp","href":"https:\/\/api.w.org\/{rel}","templated":true}]}}